{"id":11,"date":"2026-05-13T08:55:27","date_gmt":"2026-05-13T08:55:27","guid":{"rendered":"https:\/\/www.keys.com.tr\/?page_id=11"},"modified":"2026-05-13T09:08:03","modified_gmt":"2026-05-13T09:08:03","slug":"11-2","status":"publish","type":"page","link":"https:\/\/www.keys.com.tr\/index.php\/11-2\/","title":{"rendered":""},"content":{"rendered":"\t\t<div data-elementor-type=\"wp-post\" data-elementor-id=\"11\" class=\"elementor elementor-11\" data-elementor-post-type=\"page\">\n\t\t\t\t<div class=\"elementor-element elementor-element-ce2ad03 e-flex e-con-boxed e-con e-parent\" data-id=\"ce2ad03\" data-element_type=\"container\" data-e-type=\"container\">\n\t\t\t\t\t<div class=\"e-con-inner\">\n\t\t<div class=\"elementor-element elementor-element-a9dddbc e-con-full e-flex e-con e-child\" data-id=\"a9dddbc\" data-element_type=\"container\" data-e-type=\"container\">\n\t\t\t\t\t\t\t\n\t\t\t<img class=\"e-image-base \" \n\t\t\t\t\tdata-interaction-id=\"0131665\" \n\t\t \n\t\t data-e-type=\"widget\" data-id=\"0131665\"\n\t\t\t\t\t\t\t\t\tid=\"13\"\n\t\t\t\t\t\t\t\t\t\t\t\tsrc=\"https:\/\/www.keys.com.tr\/wp-content\/uploads\/2026\/05\/slide-2-p1_2020.png\"\n\t\t\t\t\t\t\t\t\t\t\t\twidth=\"472\"\n\t\t\t\t\t\t\t\t\t\t\t\theight=\"271\"\n\t\t\t\t\t\t\t\t\t\t\t\tsrcset=\"https:\/\/www.keys.com.tr\/wp-content\/uploads\/2026\/05\/slide-2-p1_2020.png 472w, https:\/\/www.keys.com.tr\/wp-content\/uploads\/2026\/05\/slide-2-p1_2020-300x172.png 300w\"\n\t\t\t\t\t\t\t\t\t\t\t\talt=\"\"\n\t\t\t\t\t\t\/>\n\t\t\t\t\t<\/div>\n\t\t<div class=\"elementor-element elementor-element-bde7bdc e-con-full e-flex e-con e-child\" data-id=\"bde7bdc\" data-element_type=\"container\" data-e-type=\"container\">\n\t\t\t\t\t\t\t<h2 \n\t\tdata-interaction-id=\"d963490\" \n\t\tclass=\"e-heading-base\" \n\t\t \n\t\tdata-e-type=\"widget\" data-id=\"d963490\"\n\t>\n\t\n\t\t\tKeys Dan\u0131\u015fmanl\u0131k E\u011fitim\n\t\t<\/h2>\n\t\t\t\t\t\t\t\t<p class=\"e-paragraph-base\" data-interaction-id=\"26528a6\"  data-e-type=\"widget\" data-id=\"26528a6\">\n\t\t\t\t\t\t\t\t&nbsp; &nbsp;<br><br>Yeni Internet Sitesi Y\u00fckleniyor<br><br>\n\t\t\t\t\t<\/p>\n\t\t<div class=\"elementor-element elementor-element-a006ace e-con-full e-flex e-con e-child\" data-id=\"a006ace\" data-element_type=\"container\" data-e-type=\"container\">\n\t\t\t\t\t    \t            <a\n            href=\"http:\/\/www.keys.com.tr\" target=\"_self\"\n            class=\"e-8bfbc9e-b570b09 e-button-base\"\n            data-interaction-id=\"8bfbc9e\"\n             data-e-type=\"widget\" data-id=\"8bfbc9e\"\n        >\n            Haz\u0131rl\u0131klar Tamamlana Kadar&nbsp;\n        <\/a>\n    \t\t\t\t<\/div>\n\t\t\t\t<\/div>\n\t\t\t\t\t<\/div>\n\t\t\t\t<\/div>\n\t\t\t\t<\/div>\n\t\t","protected":false},"excerpt":{"rendered":"<p>Keys Dan\u0131\u015fmanl\u0131k E\u011fitim &nbsp; &nbsp; Yeni Internet Sitesi Y\u00fckleniyor Haz\u0131rl\u0131klar Tamamlana Kadar&nbsp;<\/p>\n","protected":false},"author":1,"featured_media":0,"parent":0,"menu_order":0,"comment_status":"closed","ping_status":"closed","template":"","meta":{"neve_meta_sidebar":"","neve_meta_container":"","neve_meta_enable_content_width":"","neve_meta_content_width":0,"neve_meta_title_alignment":"","neve_meta_author_avatar":"","neve_post_elements_order":"","neve_meta_disable_header":"","neve_meta_disable_footer":"","neve_meta_disable_title":"","footnotes":""},"class_list":["post-11","page","type-page","status-publish","hentry"],"_links":{"self":[{"href":"https:\/\/www.keys.com.tr\/index.php\/wp-json\/wp\/v2\/pages\/11","targetHints":{"allow":["GET"]}}],"collection":[{"href":"https:\/\/www.keys.com.tr\/index.php\/wp-json\/wp\/v2\/pages"}],"about":[{"href":"https:\/\/www.keys.com.tr\/index.php\/wp-json\/wp\/v2\/types\/page"}],"author":[{"embeddable":true,"href":"https:\/\/www.keys.com.tr\/index.php\/wp-json\/wp\/v2\/users\/1"}],"replies":[{"embeddable":true,"href":"https:\/\/www.keys.com.tr\/index.php\/wp-json\/wp\/v2\/comments?post=11"}],"version-history":[{"count":13,"href":"https:\/\/www.keys.com.tr\/index.php\/wp-json\/wp\/v2\/pages\/11\/revisions"}],"predecessor-version":[{"id":25,"href":"https:\/\/www.keys.com.tr\/index.php\/wp-json\/wp\/v2\/pages\/11\/revisions\/25"}],"wp:attachment":[{"href":"https:\/\/www.keys.com.tr\/index.php\/wp-json\/wp\/v2\/media?parent=11"}],"curies":[{"name":"wp","href":"https:\/\/api.w.org\/{rel}","templated":true}]}}